{"id":339,"date":"2023-12-05T19:45:51","date_gmt":"2023-12-05T19:45:51","guid":{"rendered":"https:\/\/domeksierakow.pl\/?page_id=339"},"modified":"2023-12-25T12:05:08","modified_gmt":"2023-12-25T12:05:08","slug":"regulamin-domkow","status":"publish","type":"page","link":"https:\/\/domeksierakow.pl\/?page_id=339","title":{"rendered":"Regulamin le\u015bnych domk\u00f3w"},"content":{"rendered":"\t\t<div data-elementor-type=\"wp-page\" data-elementor-id=\"339\" class=\"elementor elementor-339\">\n\t\t\t\t\t\t<div class=\"elementor-inner\">\n\t\t\t\t<div class=\"elementor-section-wrap\">\n\t\t\t\t\t\t\t\t\t<section class=\"elementor-section elementor-top-section elementor-element elementor-element-1057814 elementor-section-boxed elementor-section-height-default elementor-section-height-default\" data-id=\"1057814\" data-element_type=\"section\">\n\t\t\t\t\t\t<div class=\"elementor-container elementor-column-gap-default\">\n\t\t\t\t\t\t\t<div class=\"elementor-row\">\n\t\t\t\t\t<div class=\"elementor-column elementor-col-100 elementor-top-column elementor-element elementor-element-6ac0218\" data-id=\"6ac0218\" data-element_type=\"column\">\n\t\t\t<div class=\"elementor-column-wrap\">\n\t\t\t\t\t\t\t<div class=\"elementor-widget-wrap\">\n\t\t\t\t\t\t\t\t<\/div>\n\t\t\t\t\t<\/div>\n\t\t<\/div>\n\t\t\t\t\t\t\t\t<\/div>\n\t\t\t\t\t<\/div>\n\t\t<\/section>\n\t\t\t\t<section class=\"elementor-section elementor-top-section elementor-element elementor-element-6d7c8f8 elementor-section-boxed elementor-section-height-default elementor-section-height-default\" data-id=\"6d7c8f8\" data-element_type=\"section\">\n\t\t\t\t\t\t<div class=\"elementor-container elementor-column-gap-default\">\n\t\t\t\t\t\t\t<div class=\"elementor-row\">\n\t\t\t\t\t<div class=\"elementor-column elementor-col-100 elementor-top-column elementor-element elementor-element-7d7c265\" data-id=\"7d7c265\" data-element_type=\"column\">\n\t\t\t<div class=\"elementor-column-wrap elementor-element-populated\">\n\t\t\t\t\t\t\t<div class=\"elementor-widget-wrap\">\n\t\t\t\t\t\t<div class=\"elementor-element elementor-element-ed2878b elementor-widget elementor-widget-text-editor\" data-id=\"ed2878b\" data-element_type=\"widget\" data-widget_type=\"text-editor.default\">\n\t\t\t\t<div class=\"elementor-widget-container\">\n\t\t\t\t\t\t\t\t<div class=\"elementor-text-editor elementor-clearfix\">\n\t\t\t\t<p><strong>Regulamin o\u015brodka Le\u015bne Domki w Sierakowie<\/strong><\/p>\n<p><strong>\u00a7 1<\/strong> Warunkiem pe\u0142nej rezerwacji jest wp\u0142acenie zadatku w wysoko\u015bci 20% koszt\u00f3w pobytu w terminie podanym w potwierdzeniu rezerwacji. Reszt\u0119 nale\u017cno\u015bci za zam\u00f3wiony pobyt pobieramy w dniu przyjazdu. Cena za pobyt nie podlega zwrotowi w przypadku skr\u00f3cenia pobytu.<\/p>\n<p><strong>\u00a7 2<\/strong> Dokonanie rezerwacji jest r\u00f3wnoznaczne z zapoznaniem si\u0119 i akceptacj\u0105 regulaminu o\u015brodka Le\u015bne Domki.<\/p>\n<p><strong>\u00a7 3<\/strong> Doba noclegowa rozpoczyna si\u0119 od godz. 14.00 w dniu przyjazdu, a ko\u0144czy si\u0119 o godz. 10.00 w dniu wyjazdu. Nie ma mo\u017cliwo\u015bci wcze\u015bniejszego zameldowania. Niezdanie domku do godziny 10.00 skutkowa\u0107 b\u0119dzie pobraniem dodatkowej op\u0142aty w wysoko\u015bci 100 z\u0142 za ka\u017cd\u0105 rozpocz\u0119t\u0105 godzin\u0119.<\/p>\n<p><strong>\u00a7 4<\/strong> Dla komfortu wypoczywaj\u0105cych, cisza nocna obowi\u0105zuje w godzinach 22.00-7.00.<\/p>\n<p><strong>\u00a7 5<\/strong>&nbsp; Nale\u017cy niezw\u0142ocznie powiadamia\u0107 w\u0142a\u015bcicieli o powsta\u0142ych szkodach czy awariach.<\/p>\n<p><strong>\u00a7 6<\/strong> Wynajmuj\u0105cy ponosi odpowiedzialno\u015b\u0107 materialn\u0105 za wszelkiego rodzaju uszkodzenia lub zniszczenia przedmiot\u00f3w i urz\u0105dze\u0144 technicznych powsta\u0142ych z winy os\u00f3b wynajmuj\u0105cych oraz os\u00f3b odwiedzaj\u0105cych. Za szkody wyrz\u0105dzone przez dzieci odpowiadaj\u0105 rodzice lub opiekunowie.<\/p>\n<p><strong>\u00a7 7<\/strong> Zabrania si\u0119 u\u017cywania otwartego ognia, palenia tytoniu, palenie e-papieros\u00f3w, u\u017cywania w\u0142asnych urz\u0105dze\u0144 typu grill elektryczny, grzejnik, grza\u0142ka oraz sma\u017cenia ryb w domkach. Z\u0142amanie tego zakazu b\u0119dzie skutkowa\u0107 dop\u0142at\u0105 w kwocie 500 z\u0142.<\/p>\n<p><strong>\u00a7 8<\/strong> Nie odpowiadamy za przedmioty warto\u015bciowe pozostawione w domkach oraz parkuj\u0105ce samochody.<\/p>\n<p><strong>\u00a7 9<\/strong> Samochody nale\u017cy parkowa\u0107 wy\u0142\u0105cznie w miejscach wyznaczonych do tego celu. Parking dla naszych go\u015bci jest bezp\u0142atny. Przewidziano dwa bezp\u0142atne miejsca parkingowe na domek.<\/p>\n<p><strong>\u00a7 10<\/strong> Za pobyt dodatkowych os\u00f3b pobierana jest dodatkowa op\u0142ata w wysoko\u015bci 50 z\u0142 za dob\u0119. Mo\u017cliwo\u015b\u0107 zakwaterowania kolejnych os\u00f3b nale\u017cy ustali\u0107 z w\u0142a\u015bcicielem o\u015brodka przed przyjazdem.<\/p>\n<p><strong>\u00a7 11<\/strong> Przekazanie i zdanie domku nast\u0119puje w obecno\u015bci w\u0142a\u015bciciela o\u015brodka.<\/p>\n<p><strong>\u00a7 12<\/strong> Zabawa dzieci na terenie o\u015brodka powinna odbywa\u0107 si\u0119 wy\u0142\u0105cznie pod opiek\u0105 doros\u0142ych (rodzic\u00f3w lub opiekun\u00f3w).<\/p>\n<p><strong>\u00a7 13<\/strong> Osoby postronne nie mog\u0105 przebywa\u0107 na terenie o\u015brodka od godz. 21:00 do godz. 8:00. W pozosta\u0142ych godzinach tylko za zgod\u0105 w\u0142a\u015bciciela o\u015brodka. Za nocowanie osoby niezg\u0142oszonej pobierana b\u0119dzie op\u0142ata w wysoko\u015bci 300 z\u0142\/dob\u0119.<\/p>\n<p><strong>\u00a7 15<\/strong> Go\u015bcie korzystaj\u0105cy z us\u0142ug o\u015brodka zobowi\u0105zuj\u0105 si\u0119 przestrzega\u0107 postanowie\u0144 niniejszego regulaminu, przepis\u00f3w BHP i przeciwpo\u017carowych oraz stosowa\u0107 si\u0119 w sytuacjach wyj\u0105tkowych do pr\u00f3\u015bb w\u0142a\u015bcicieli\/zarz\u0105dc\u00f3w obiektu.<\/p>\n<p><strong>\u00a7 16<\/strong> Wszelkie ewentualne reklamacje z tytu\u0142u nienale\u017cycie \u015bwiadczonych us\u0142ug nale\u017cy zg\u0142asza\u0107 bezpo\u015brednio w\u0142a\u015bcicielowi\/zarz\u0105dcy o\u015brodka. Skargi wniesione po zako\u0144czeniu \u015bwiadczenia lub w dniu wyjazdu mog\u0105 nie zosta\u0107 rozpatrzone.<\/p>\n<p><strong>\u00a7 17<\/strong> Zastrzegamy sobie prawo do odmowy zakwaterowania osobom:<\/p>\n<ul>\n<li>B\u0119d\u0105cym pod widocznym wp\u0142ywem alkoholu lub \u015brodk\u00f3w odurzaj\u0105cych,<\/li>\n<li>Kt\u00f3re zachowuj\u0105 si\u0119 agresywnie, w spos\u00f3b powszechnie uznany za wulgarny.<\/li>\n<\/ul>\n<p><strong>\u00a7 18<\/strong> Osoby naruszaj\u0105ce zasady niniejszego regulaminu zobowi\u0105zane b\u0119d\u0105 do opuszczenia o\u015brodka bez zwrot\u00f3w koszt\u00f3w.<\/p>\n<p><strong>\u00a7 19<\/strong> W przypadku zgubienia klucza do domku, go\u015b\u0107 zobowi\u0105zany jest do uiszczenia op\u0142aty w wysoko\u015bci 100,00 z\u0142otych za ka\u017cd\u0105 zgubion\u0105 rzecz.<\/p>\n<p><strong>\u00a7 20<\/strong> Nie dokonujemy zwrotu pieni\u0119dzy ani wp\u0142aconego zadatku w razie niedotrzymania podanego terminu pobytu lub rezygnacji.<\/p>\n<p><strong>\u00a7 21<\/strong> Prosimy o wynoszenie \u015bmieci z domk\u00f3w do kontener\u00f3w na terenie o\u015brodka. Nale\u017cy przestrzega\u0107 zasad segregacji odpad\u00f3w.<\/p>\n<p><strong>\u00a7 22<\/strong> W domkach obowi\u0105zuje bezwzgl\u0119dny zakaz palenia tytoniu oraz papieros\u00f3w elektronicznych.<\/p>\n<p><strong>\u00a7 23<\/strong> Na terenie o\u015brodka zabrania si\u0119 organizowania urodzin, wieczor\u00f3w panie\u0144skich, wieczor\u00f3w kawalerskich itp.<\/p>\n<p><strong>\u00a7 24<\/strong> O\u015brodek jest obiektem monitorowanym, co ma na celu popraw\u0119 bezpiecze\u0144stwa os\u00f3b znajduj\u0105cych si\u0119 na jego terenie.&nbsp;<\/p>\n<p><strong>\u00a7 25<\/strong> O\u015brodek nie ponosi odpowiedzialno\u015bci za utrat\u0119, zniszczenie lub uszkodzenie przez osoby trzecie przedmiot\u00f3w wniesionych na teren obiektu przez U\u017cytkownik\u00f3w.<\/p>\n<p><strong>\u00a7 26<\/strong>&nbsp;O\u015brodek nie ponosi odpowiedzialno\u015bci za zdarzenia, szkody i ich nast\u0119pstwa zaistnia\u0142e na skutek niezastosowania si\u0119 U\u017cytkownik\u00f3w obiektu do zasad okre\u015blonych w Regulaminie.<\/p>\n<p><strong>\u00a7 27<\/strong>&nbsp;W sprawach spornych ma zastosowanie Regulamin O\u015brodka Le\u015bne Domki w Sierakowie.<\/p>\n<p><strong>\u00a7 28<\/strong>&nbsp;Regulamin o\u015brodka podaje si\u0119 do wiadomo\u015bci poprzez zamieszczenie na stronie internetowej <a href=\"http:\/\/www.lesnedomki-sierakow.pl\/\" target=\"_new\">www.domeksierakow.pl<\/a> oraz wywieszenie na tablicy informacyjnej na terenie o\u015brodka.<\/p>\n<p><strong>Dodatkowe op\u0142aty:<\/strong> W cen\u0119 najmu nie jest wliczona op\u0142ata klimatyczna pobierana w dniu przyjazdu (op\u0142ata wg Uchwa\u0142y Rady Gminy Sierak\u00f3w).<span style=\"color: var( --e-global-color-text ); font-family: var( --e-global-typography-text-font-family ), Sans-serif; font-weight: var( --e-global-typography-text-font-weight ); letter-spacing: var( --e-global-typography-text-letter-spacing ); word-spacing: var( --e-global-typography-text-word-spacing ); font-size: 1.25rem;\">&nbsp;Przed wyjazdem mo\u017ce zosta\u0107 naliczona op\u0142ata za sprz\u0105tanie w wysoko\u015bci 150 z\u0142. Dok\u0142adamy stara\u0144, aby Pa\u0144stwa pobyt w naszym o\u015brodku by\u0142 udany, jednak je\u017celi maj\u0105 Pa\u0144stwo jakie\u015b uwagi, prosimy przekazywanie ich.<\/span><\/p>\t\t\t\t\t<\/div>\n\t\t\t\t\t\t<\/div>\n\t\t\t\t<\/div>\n\t\t\t\t\t\t<\/div>\n\t\t\t\t\t<\/div>\n\t\t<\/div>\n\t\t\t\t\t\t\t\t<\/div>\n\t\t\t\t\t<\/div>\n\t\t<\/section>\n\t\t\t\t\t\t\t\t\t<\/div>\n\t\t\t<\/div>\n\t\t\t\t\t<\/div>\n\t\t","protected":false},"excerpt":{"rendered":"<p>Regulamin o\u015brodka Le\u015bne Domki w Sierakowie \u00a7 1 Warunkiem pe\u0142nej rezerwacji jest wp\u0142acenie zadatku w wysoko\u015bci 20% koszt\u00f3w pobytu w<\/p>\n<p><a href=\"https:\/\/domeksierakow.pl\/?page_id=339\" class=\"more-link\">Continue reading<span class=\"screen-reader-text\">Regulamin le\u015bnych domk\u00f3w<\/span><\/a><\/p>\n","protected":false},"author":1,"featured_media":0,"parent":0,"menu_order":0,"comment_status":"closed","ping_status":"closed","template":"","meta":{"footnotes":""},"class_list":["post-339","page","type-page","status-publish","hentry"],"_links":{"self":[{"href":"https:\/\/domeksierakow.pl\/index.php?rest_route=\/wp\/v2\/pages\/339","targetHints":{"allow":["GET"]}}],"collection":[{"href":"https:\/\/domeksierakow.pl\/index.php?rest_route=\/wp\/v2\/pages"}],"about":[{"href":"https:\/\/domeksierakow.pl\/index.php?rest_route=\/wp\/v2\/types\/page"}],"author":[{"embeddable":true,"href":"https:\/\/domeksierakow.pl\/index.php?rest_route=\/wp\/v2\/users\/1"}],"replies":[{"embeddable":true,"href":"https:\/\/domeksierakow.pl\/index.php?rest_route=%2Fwp%2Fv2%2Fcomments&post=339"}],"version-history":[{"count":7,"href":"https:\/\/domeksierakow.pl\/index.php?rest_route=\/wp\/v2\/pages\/339\/revisions"}],"predecessor-version":[{"id":354,"href":"https:\/\/domeksierakow.pl\/index.php?rest_route=\/wp\/v2\/pages\/339\/revisions\/354"}],"wp:attachment":[{"href":"https:\/\/domeksierakow.pl\/index.php?rest_route=%2Fwp%2Fv2%2Fmedia&parent=339"}],"curies":[{"name":"wp","href":"https:\/\/api.w.org\/{rel}","templated":true}]}}